{"id":7,"date":"2022-02-15T14:25:36","date_gmt":"2022-02-15T13:25:36","guid":{"rendered":"http:\/\/orletalesko.pl\/?page_id=7"},"modified":"2022-04-26T14:41:52","modified_gmt":"2022-04-26T12:41:52","slug":"informacje","status":"publish","type":"page","link":"https:\/\/orletalesko.pl\/index.php\/informacje\/","title":{"rendered":"o nas"},"content":{"rendered":"\n<p><strong>Ambicja, pasja i m\u0119stwo to NASZE zwyci\u0119stwo<\/strong> &#8211; to kr\u00f3tkie, ale dosadne zdanie, kt\u00f3re okre\u015bla ludzi, znajomych, przyjaci\u00f3\u0142, kt\u00f3ry patrz\u0105c na dobro dzieci postanowili zbudowa\u0107 now\u0105 jako\u015b\u0107 sportu w Lesku. Jako\u015b\u0107 opart\u0105 na do\u015bwiadczeniu i zaanga\u017cowaniu, pozwalaj\u0105c\u0105 w spos\u00f3b profesjonalny anga\u017cowa\u0107 dzieci z Gminy Lesko i okolic do podejmowania wysi\u0142ku do zdobywania nowych umiej\u0119tno\u015bci i budowania dobrych relacji z r\u00f3wie\u015bnikami. <\/p>\n\n\n\n<div class=\"wp-block-columns is-layout-flex wp-container-core-columns-is-layout-9d6595d7 wp-block-columns-is-layout-flex\">\n<div class=\"wp-block-column is-layout-flow wp-block-column-is-layout-flow\">\n<figure class=\"wp-block-image size-large\"><img loading=\"lazy\" decoding=\"async\" width=\"1024\" height=\"742\" src=\"http:\/\/orletalesko.pl\/wp-content\/uploads\/2022\/04\/IMG-20220323-WA0005-2-1024x742.jpg\" alt=\"\" class=\"wp-image-112\" srcset=\"https:\/\/orletalesko.pl\/wp-content\/uploads\/2022\/04\/IMG-20220323-WA0005-2-1024x742.jpg 1024w, https:\/\/orletalesko.pl\/wp-content\/uploads\/2022\/04\/IMG-20220323-WA0005-2-300x217.jpg 300w, https:\/\/orletalesko.pl\/wp-content\/uploads\/2022\/04\/IMG-20220323-WA0005-2-768x556.jpg 768w, https:\/\/orletalesko.pl\/wp-content\/uploads\/2022\/04\/IMG-20220323-WA0005-2-1536x1112.jpg 1536w, https:\/\/orletalesko.pl\/wp-content\/uploads\/2022\/04\/IMG-20220323-WA0005-2.jpg 1748w\" sizes=\"auto, (max-width: 1024px) 100vw, 1024px\" \/><\/figure>\n<\/div>\n\n\n\n<div class=\"wp-block-column is-layout-flow wp-block-column-is-layout-flow\">\n<figure class=\"wp-block-image size-large\"><img loading=\"lazy\" decoding=\"async\" width=\"1024\" height=\"730\" src=\"http:\/\/orletalesko.pl\/wp-content\/uploads\/2022\/04\/IMG-20220329-WA0003-1-1024x730.jpg\" alt=\"\" class=\"wp-image-113\" srcset=\"https:\/\/orletalesko.pl\/wp-content\/uploads\/2022\/04\/IMG-20220329-WA0003-1-1024x730.jpg 1024w, https:\/\/orletalesko.pl\/wp-content\/uploads\/2022\/04\/IMG-20220329-WA0003-1-300x214.jpg 300w, https:\/\/orletalesko.pl\/wp-content\/uploads\/2022\/04\/IMG-20220329-WA0003-1-768x547.jpg 768w, https:\/\/orletalesko.pl\/wp-content\/uploads\/2022\/04\/IMG-20220329-WA0003-1-1536x1095.jpg 1536w, https:\/\/orletalesko.pl\/wp-content\/uploads\/2022\/04\/IMG-20220329-WA0003-1.jpg 1748w\" sizes=\"auto, (max-width: 1024px) 100vw, 1024px\" \/><\/figure>\n<\/div>\n<\/div>\n","protected":false},"excerpt":{"rendered":"<p>Ambicja, pasja i m\u0119stwo to NASZE zwyci\u0119stwo &#8211; to kr\u00f3tkie, ale dosadne zdanie, kt\u00f3re okre\u015bla ludzi, znajomych, przyjaci\u00f3\u0142, kt\u00f3ry patrz\u0105c na dobro dzieci postanowili zbudowa\u0107 now\u0105 jako\u015b\u0107 sportu w Lesku. Jako\u015b\u0107 opart\u0105 na do\u015bwiadczeniu i zaanga\u017cowaniu, pozwalaj\u0105c\u0105 w spos\u00f3b profesjonalny anga\u017cowa\u0107 dzieci z Gminy Lesko i okolic do podejmowania wysi\u0142ku do zdobywania nowych umiej\u0119tno\u015bci i [&hellip;]<\/p>\n","protected":false},"author":1,"featured_media":0,"parent":0,"menu_order":0,"comment_status":"closed","ping_status":"closed","template":"","meta":{"footnotes":""},"class_list":["post-7","page","type-page","status-publish","hentry"],"_links":{"self":[{"href":"https:\/\/orletalesko.pl\/index.php\/wp-json\/wp\/v2\/pages\/7","targetHints":{"allow":["GET"]}}],"collection":[{"href":"https:\/\/orletalesko.pl\/index.php\/wp-json\/wp\/v2\/pages"}],"about":[{"href":"https:\/\/orletalesko.pl\/index.php\/wp-json\/wp\/v2\/types\/page"}],"author":[{"embeddable":true,"href":"https:\/\/orletalesko.pl\/index.php\/wp-json\/wp\/v2\/users\/1"}],"replies":[{"embeddable":true,"href":"https:\/\/orletalesko.pl\/index.php\/wp-json\/wp\/v2\/comments?post=7"}],"version-history":[{"count":6,"href":"https:\/\/orletalesko.pl\/index.php\/wp-json\/wp\/v2\/pages\/7\/revisions"}],"predecessor-version":[{"id":115,"href":"https:\/\/orletalesko.pl\/index.php\/wp-json\/wp\/v2\/pages\/7\/revisions\/115"}],"wp:attachment":[{"href":"https:\/\/orletalesko.pl\/index.php\/wp-json\/wp\/v2\/media?parent=7"}],"curies":[{"name":"wp","href":"https:\/\/api.w.org\/{rel}","templated":true}]}}