{"id":6,"date":"2022-02-15T14:25:36","date_gmt":"2022-02-15T13:25:36","guid":{"rendered":"http:\/\/orletalesko.pl\/?page_id=6"},"modified":"2022-04-27T10:49:00","modified_gmt":"2022-04-27T08:49:00","slug":"tworz-swoja-witryne-za-pomoca-blokow","status":"publish","type":"page","link":"https:\/\/orletalesko.pl\/","title":{"rendered":""},"content":{"rendered":"\n<h2 class=\"has-text-align-center wp-block-heading\">Uczniowski Klub Sportowy &#8222;Orl\u0119ta&#8221; Lesko<\/h2>\n\n\n\n<p class=\"has-text-align-center\"><img loading=\"lazy\" decoding=\"async\" width=\"347\" height=\"409\" class=\"wp-image-50\" style=\"width: 347px;\" src=\"http:\/\/orletalesko.pl\/wp-content\/uploads\/2022\/03\/IMG-20220215-WA0007.jpg\" alt=\"\" srcset=\"https:\/\/orletalesko.pl\/wp-content\/uploads\/2022\/03\/IMG-20220215-WA0007.jpg 1059w, https:\/\/orletalesko.pl\/wp-content\/uploads\/2022\/03\/IMG-20220215-WA0007-255x300.jpg 255w, https:\/\/orletalesko.pl\/wp-content\/uploads\/2022\/03\/IMG-20220215-WA0007-869x1024.jpg 869w, https:\/\/orletalesko.pl\/wp-content\/uploads\/2022\/03\/IMG-20220215-WA0007-768x905.jpg 768w\" sizes=\"auto, (max-width: 347px) 100vw, 347px\" \/><\/p>\n\n\n\n<div class=\"wp-block-image\"><figure class=\"aligncenter size-large\"><img loading=\"lazy\" decoding=\"async\" width=\"1024\" height=\"742\" src=\"http:\/\/orletalesko.pl\/wp-content\/uploads\/2022\/04\/IMG-20220323-WA0005-1024x742.jpg\" alt=\"\" class=\"wp-image-99\" srcset=\"https:\/\/orletalesko.pl\/wp-content\/uploads\/2022\/04\/IMG-20220323-WA0005-1024x742.jpg 1024w, https:\/\/orletalesko.pl\/wp-content\/uploads\/2022\/04\/IMG-20220323-WA0005-300x217.jpg 300w, https:\/\/orletalesko.pl\/wp-content\/uploads\/2022\/04\/IMG-20220323-WA0005-768x556.jpg 768w, https:\/\/orletalesko.pl\/wp-content\/uploads\/2022\/04\/IMG-20220323-WA0005-1536x1112.jpg 1536w, https:\/\/orletalesko.pl\/wp-content\/uploads\/2022\/04\/IMG-20220323-WA0005.jpg 1748w\" sizes=\"auto, (max-width: 1024px) 100vw, 1024px\" \/><\/figure><\/div>\n\n\n\n<div class=\"wp-block-image\"><figure class=\"aligncenter size-large\"><img loading=\"lazy\" decoding=\"async\" width=\"1024\" height=\"730\" src=\"http:\/\/orletalesko.pl\/wp-content\/uploads\/2022\/04\/IMG-20220329-WA0003-1024x730.jpg\" alt=\"\" class=\"wp-image-102\" srcset=\"https:\/\/orletalesko.pl\/wp-content\/uploads\/2022\/04\/IMG-20220329-WA0003-1024x730.jpg 1024w, https:\/\/orletalesko.pl\/wp-content\/uploads\/2022\/04\/IMG-20220329-WA0003-300x214.jpg 300w, https:\/\/orletalesko.pl\/wp-content\/uploads\/2022\/04\/IMG-20220329-WA0003-768x547.jpg 768w, https:\/\/orletalesko.pl\/wp-content\/uploads\/2022\/04\/IMG-20220329-WA0003-1536x1095.jpg 1536w, https:\/\/orletalesko.pl\/wp-content\/uploads\/2022\/04\/IMG-20220329-WA0003.jpg 1748w\" sizes=\"auto, (max-width: 1024px) 100vw, 1024px\" \/><\/figure><\/div>\n\n\n\n<div class=\"wp-block-columns alignfull has-text-color has-background is-layout-flex wp-container-core-columns-is-layout-9d6595d7 wp-block-columns-is-layout-flex\" style=\"background-color:#ffffff;color:#000000\">\n<div class=\"wp-block-column is-layout-flow wp-block-column-is-layout-flow\">\n<p><\/p>\n<\/div>\n\n\n\n<div class=\"wp-block-column is-layout-flow wp-block-column-is-layout-flow\">\n<h3 class=\"wp-block-heading\" style=\"font-size:24px;line-height:1.3\">Przy\u0142\u0105cz si\u0119 do nas &#8211; nowy nab\u00f3r<\/h3>\n\n\n\n<figure class=\"wp-block-image size-large\"><img loading=\"lazy\" decoding=\"async\" width=\"1024\" height=\"742\" src=\"http:\/\/orletalesko.pl\/wp-content\/uploads\/2022\/04\/IMG-20220323-WA0005-1-1024x742.jpg\" alt=\"\" class=\"wp-image-104\" srcset=\"https:\/\/orletalesko.pl\/wp-content\/uploads\/2022\/04\/IMG-20220323-WA0005-1-1024x742.jpg 1024w, https:\/\/orletalesko.pl\/wp-content\/uploads\/2022\/04\/IMG-20220323-WA0005-1-300x217.jpg 300w, https:\/\/orletalesko.pl\/wp-content\/uploads\/2022\/04\/IMG-20220323-WA0005-1-768x556.jpg 768w, https:\/\/orletalesko.pl\/wp-content\/uploads\/2022\/04\/IMG-20220323-WA0005-1-1536x1112.jpg 1536w, https:\/\/orletalesko.pl\/wp-content\/uploads\/2022\/04\/IMG-20220323-WA0005-1.jpg 1748w\" sizes=\"auto, (max-width: 1024px) 100vw, 1024px\" \/><\/figure>\n<\/div>\n\n\n\n<div class=\"wp-block-column is-layout-flow wp-block-column-is-layout-flow\">\n<h3 class=\"wp-block-heading\" style=\"font-size:24px;line-height:1.3\">Pliki do pobrania:<\/h3>\n\n\n\n<ul class=\"wp-block-list\"><li><a href=\"http:\/\/orletalesko.pl\/deklaracja_Orleta_pop.pdf\" data-type=\"URL\">Deklaracja przyst\u0105pienia do UKS &#8222;Orl\u0119ta&#8221;<\/a><\/li><li><a href=\"http:\/\/orletalesko.pl\\o\u015bwiadczenie_o_stanie_zdr_Orleta_pop.pdf\" data-type=\"URL\">O\u015bwiadczenie o stanie zdrowia Cz\u0142onka<\/a><\/li><\/ul>\n<\/div>\n<\/div>\n","protected":false},"excerpt":{"rendered":"<p>Uczniowski Klub Sportowy &#8222;Orl\u0119ta&#8221; Lesko Przy\u0142\u0105cz si\u0119 do nas &#8211; nowy nab\u00f3r Pliki do pobrania: Deklaracja przyst\u0105pienia do UKS &#8222;Orl\u0119ta&#8221; O\u015bwiadczenie o stanie zdrowia Cz\u0142onka<\/p>\n","protected":false},"author":1,"featured_media":0,"parent":0,"menu_order":0,"comment_status":"closed","ping_status":"closed","template":"page-templates\/pagebuilder.php","meta":{"footnotes":""},"class_list":["post-6","page","type-page","status-publish","hentry"],"_links":{"self":[{"href":"https:\/\/orletalesko.pl\/index.php\/wp-json\/wp\/v2\/pages\/6","targetHints":{"allow":["GET"]}}],"collection":[{"href":"https:\/\/orletalesko.pl\/index.php\/wp-json\/wp\/v2\/pages"}],"about":[{"href":"https:\/\/orletalesko.pl\/index.php\/wp-json\/wp\/v2\/types\/page"}],"author":[{"embeddable":true,"href":"https:\/\/orletalesko.pl\/index.php\/wp-json\/wp\/v2\/users\/1"}],"replies":[{"embeddable":true,"href":"https:\/\/orletalesko.pl\/index.php\/wp-json\/wp\/v2\/comments?post=6"}],"version-history":[{"count":23,"href":"https:\/\/orletalesko.pl\/index.php\/wp-json\/wp\/v2\/pages\/6\/revisions"}],"predecessor-version":[{"id":122,"href":"https:\/\/orletalesko.pl\/index.php\/wp-json\/wp\/v2\/pages\/6\/revisions\/122"}],"wp:attachment":[{"href":"https:\/\/orletalesko.pl\/index.php\/wp-json\/wp\/v2\/media?parent=6"}],"curies":[{"name":"wp","href":"https:\/\/api.w.org\/{rel}","templated":true}]}}